{"id":3759,"date":"2026-03-08T22:05:00","date_gmt":"2026-03-08T22:05:00","guid":{"rendered":"https:\/\/digitalismentor.hu\/proposeintransylvania\/?page_id=3759"},"modified":"2026-03-12T16:48:47","modified_gmt":"2026-03-12T16:48:47","slug":"blog","status":"publish","type":"page","link":"https:\/\/proposeintransylvania.com\/ro\/blog\/","title":{"rendered":"Blog"},"content":{"rendered":"<div data-elementor-type=\"wp-page\" data-elementor-id=\"3759\" class=\"elementor elementor-3759\" data-elementor-post-type=\"page\">\n\t\t\t\t<div class=\"elementor-element elementor-element-30567e5 e-con-full e-flex e-con e-parent\" data-id=\"30567e5\" data-element_type=\"container\" data-e-type=\"container\" data-settings=\"{&quot;background_background&quot;:&quot;classic&quot;,&quot;jet_parallax_layout_list&quot;:[]}\">\n\t\t<div class=\"elementor-element elementor-element-eea2fe1 e-flex e-con-boxed elementor-invisible e-con e-child\" data-id=\"eea2fe1\" data-element_type=\"container\" data-e-type=\"container\" data-settings=\"{&quot;jet_parallax_layout_list&quot;:[],&quot;animation&quot;:&quot;fadeIn&quot;}\">\n\t\t\t\t\t<div class=\"e-con-inner\">\n\t\t\t\t<div class=\"elementor-element elementor-element-7ed218d elementor-widget-tablet__width-initial elementor-widget-mobile__width-initial elementor-widget__width-initial elementor-widget elementor-widget-heading\" data-id=\"7ed218d\" data-element_type=\"widget\" data-e-type=\"widget\" data-widget_type=\"heading.default\">\n\t\t\t\t\t<h1 class=\"elementor-heading-title elementor-size-default\">JURNAL DE PROPUNERI<\/h1>\t\t\t\t<\/div>\n\t\t\t\t<div class=\"elementor-element elementor-element-67873e4 elementor-align-center elementor-widget__width-initial elementor-widget elementor-widget-jet-lottie\" data-id=\"67873e4\" data-element_type=\"widget\" data-e-type=\"widget\" data-widget_type=\"jet-lottie.default\">\n\t\t\t\t<div class=\"elementor-widget-container\">\n\t\t\t\t\t<div class=\"elementor-jet-lottie jet-elements\"><div class=\"jet-lottie\" data-settings=\"{&quot;path&quot;:&quot;https:\\\/\\\/proposeintransylvania.com\\\/wp-content\\\/uploads\\\/2026\\\/03\\\/Scroll-Down-Arrows.json&quot;,&quot;renderer&quot;:&quot;svg&quot;,&quot;action_start&quot;:&quot;autoplay&quot;,&quot;delay&quot;:0,&quot;on_hover_out&quot;:&quot;default&quot;,&quot;redirect_timeout&quot;:0,&quot;viewport&quot;:&quot;&quot;,&quot;loop&quot;:true,&quot;loop_times&quot;:&quot;&quot;,&quot;reversed&quot;:false,&quot;play_speed&quot;:1}\"><a class=\"jet-lottie__link\" href=\"#first-container\" aria-label=\"\"><div class=\"jet-lottie__elem\"><\/div><\/a><\/div><\/div>\t\t\t\t<\/div>\n\t\t\t\t<\/div>\n\t\t\t\t\t<\/div>\n\t\t\t\t<\/div>\n\t\t\t\t<\/div>\n\t\t<div class=\"elementor-element elementor-element-1fb4a6f e-con-full e-flex elementor-invisible e-con e-child\" data-id=\"1fb4a6f\" data-element_type=\"container\" data-e-type=\"container\" data-settings=\"{&quot;jet_parallax_layout_list&quot;:[],&quot;animation&quot;:&quot;fadeIn&quot;}\">\n\t\t\t\t<div class=\"elementor-element elementor-element-c1b6287 elementor-widget-divider--view-line_text elementor-widget-mobile__width-initial elementor-widget-divider--separator-type-pattern elementor-widget-divider--element-align-center elementor-widget elementor-widget-divider\" data-id=\"c1b6287\" data-element_type=\"widget\" data-e-type=\"widget\" data-widget_type=\"divider.default\">\n\t\t\t\t\t\t\t<div class=\"elementor-divider\" style=\"--divider-pattern-url: url(&quot;data:image\/svg+xml,%3Csvg xmlns=&#039;http:\/\/www.w3.org\/2000\/svg&#039; preserveAspectRatio=&#039;none&#039; overflow=&#039;visible&#039; height=&#039;100%&#039; viewBox=&#039;0 0 24 24&#039; fill=&#039;none&#039; stroke=&#039;black&#039; stroke-width=&#039;1&#039; stroke-linecap=&#039;square&#039; stroke-miterlimit=&#039;10&#039;%3E%3Cpath d=&#039;M0,21c3.3,0,8.3-0.9,15.7-7.1c6.6-5.4,4.4-9.3,2.4-10.3c-3.4-1.8-7.7,1.3-7.3,8.8C11.2,20,17.1,21,24,21&#039;\/%3E%3C\/svg%3E&quot;);\">\n\t\t\t<span class=\"elementor-divider-separator\">\n\t\t\t\t\t\t\t<span class=\"elementor-divider__text elementor-divider__element\">\n\t\t\t\tPERSPECTIVE \u0218I INSPIRA\u021aIE\t\t\t\t<\/span>\n\t\t\t\t\t\t<\/span>\n\t\t<\/div>\n\t\t\t\t\t\t<\/div>\n\t\t\t\t<div class=\"elementor-element elementor-element-dfa35a7 elementor-widget elementor-widget-heading\" data-id=\"dfa35a7\" data-element_type=\"widget\" data-e-type=\"widget\" data-widget_type=\"heading.default\">\n\t\t\t\t\t<h2 class=\"elementor-heading-title elementor-size-default\">Crearea celor de neuitat<\/h2>\t\t\t\t<\/div>\n\t\t\t\t<div class=\"elementor-element elementor-element-df6d9f7 elementor-widget-mobile__width-initial elementor-widget elementor-widget-text-editor\" data-id=\"df6d9f7\" data-element_type=\"widget\" data-e-type=\"widget\" data-widget_type=\"text-editor.default\">\n\t\t\t\t\t\t\t\t\t<p>O colec\u021bie curat\u0103 de sfaturi de specialitate, inspira\u021bie estetic\u0103 \u0219i pove\u0219ti din culise. V\u0103 \u00eemp\u0103rt\u0103\u0219im filozofia noastr\u0103 despre romantism \u0219i planificare pentru a v\u0103 ajuta s\u0103 naviga\u021bi pe drumul c\u0103tre cel mai important moment al vostru<\/p>\t\t\t\t\t\t\t\t<\/div>\n\t\t\t\t<\/div>\n\t\t<div class=\"elementor-element elementor-element-1daf3ad e-flex e-con-boxed elementor-invisible e-con e-parent\" data-id=\"1daf3ad\" data-element_type=\"container\" data-e-type=\"container\" data-settings=\"{&quot;jet_parallax_layout_list&quot;:[],&quot;animation&quot;:&quot;zoomIn&quot;}\">\n\t\t\t\t\t<div class=\"e-con-inner\">\n\t\t\t\t<div class=\"elementor-element elementor-element-e6b45ce elementor-widget elementor-widget-tp-blog-listout\" data-id=\"e6b45ce\" data-element_type=\"widget\" data-e-type=\"widget\" data-widget_type=\"tp-blog-listout.default\">\n\t\t\t\t\t<div id=\"pt-plus-blog-post-list\" class=\"blog-list post69e243335d173  list-isotope-metro  blog-style-1 hover-image-style-1 pt-plus-filter-post-category\"  data-layout-type=\"metro\"  data-metro-columns=\"3\"  data-metro-style=\"style-1\"  data-tablet-metro-columns=\"3\" data-tablet-metro-style=\"style-1\"  data-id=\"post69e243335d173\" data-style=\"style-1\"   dir= \"data-enable-isotope=\"1\"\" filter-type = \"normal\"><div class=\"post-filter-data style-1 text-center\"><ul class=\"category-filters style-1 hover-style-1\"><li><a href=\"#\" class=\"filter-category-list active all\" data-filter=\"*\" ><span data-hover=\"All\">Toate<\/span><span class=\"all_post_count\">8<\/span><\/a><\/li><li><a href=\"#\" class=\"filter-category-list\" data-filter=\".inspiration\"><span data-hover=\"Inspiration\">Inspira\u021bie<\/span><\/a><\/li><li><a href=\"#\" class=\"filter-category-list\" data-filter=\".photographer\"><span data-hover=\"Photographer\">Fotograf<\/span><\/a><\/li><li><a href=\"#\" class=\"filter-category-list\" data-filter=\".photography\"><span data-hover=\"Photography\">Fotografie<\/span><\/a><\/li><li><a href=\"#\" class=\"filter-category-list\" data-filter=\".uncategorized\"><span data-hover=\"Uncategorized\">F\u0103r\u0103 categorie<\/span><\/a><\/li><\/ul><\/div><div id=\"post69e243335d173\" class=\"tp-row post-inner-loop post69e243335d173\" data-extparam= '{\"loading-opt\":\"skeleton\",\"URL-para\":\"\"}'  ><div class=\"grid-item metro-item1 tb-metro-item1     uncategorized\"><article id=\"post-2595\" class=\"post-2595 post type-post status-publish format-standard has-post-thumbnail hentry category-uncategorized tag-family tag-girl tag-leader tag-photography have-post-thumb\">\n\t<div class=\"blog-list-content\">\n\t\t\t\t<div class=\"post-content-bottom\">\n\t\t\t\t\t\t\t<div class=\"post-meta-info style-1\"><span class=\"meta-date\"><a href=\"https:\/\/proposeintransylvania.com\/ro\/your-choise-to-be-photograper-is-better-in-your-life\/\"><span class=\"entry-date\">ianuarie 13, 2022<\/span><\/a><\/span>\n<span> |<\/span>\t<span class=\"post-author\">Prin <a href=\"https:\/\/proposeintransylvania.com\/ro\/author\/prps_2026\/\" rel=\"author\" class=\"fn\">Propune \u00een Transilvania<\/a> <\/span>\n\t<\/div>\t\t\t\t\t\t<h3 class=\"post-title\">\n\t<a href=\"https:\/\/proposeintransylvania.com\/ro\/your-choise-to-be-photograper-is-better-in-your-life\/\" class=\"normal\">Alegerea ta de a fi fotograf este mai bun\u0103 \u00een via\u021ba ta<\/a>\n<\/h3>\n\t\t\t<div class=\"post-hover-content\">\n\t\t\t\t<div class=\"entry-content\">\n\t<p>Grursus mal suada faci lisis Lorem ipsum dolarorit more a ametion consectetur elit. Vesti at bulum nec odio aea the dumm ipsumm ipsum at that dolocons rsus mal suada...<\/p>\n<\/div>\n\t\t\t<\/div>\n\t\t<\/div>\n\t\t\t\t\t<a href=\"https:\/\/proposeintransylvania.com\/ro\/your-choise-to-be-photograper-is-better-in-your-life\/\"><div class=\"blog-bg-image-metro\" style=\"background:url(https:\/\/proposeintransylvania.com\/wp-content\/uploads\/2020\/09\/bl5.jpg) #f7f7f7;\"><\/div><\/a>\n\t\t\t<\/div>\n<\/article>\n<\/div><div class=\"grid-item metro-item2 tb-metro-item2     inspiration\"><article id=\"post-51\" class=\"post-51 post type-post status-publish format-standard has-post-thumbnail hentry category-inspiration tag-family tag-girl tag-leader tag-photography have-post-thumb\">\n\t<div class=\"blog-list-content\">\n\t\t\t\t<div class=\"post-content-bottom\">\n\t\t\t\t\t\t\t<div class=\"post-meta-info style-1\"><span class=\"meta-date\"><a href=\"https:\/\/proposeintransylvania.com\/ro\/music-can-help-us-to-look-ideas-for-new-shootings\/\"><span class=\"entry-date\">ianuarie 13, 2022<\/span><\/a><\/span>\n<span> |<\/span>\t<span class=\"post-author\">Prin <a href=\"https:\/\/proposeintransylvania.com\/ro\/author\/prps_2026\/\" rel=\"author\" class=\"fn\">Propune \u00een Transilvania<\/a> <\/span>\n\t<\/div>\t\t\t\t\t\t<h3 class=\"post-title\">\n\t<a href=\"https:\/\/proposeintransylvania.com\/ro\/music-can-help-us-to-look-ideas-for-new-shootings\/\" class=\"normal\">Muzica ne poate ajuta s\u0103 g\u0103sim idei pentru noi \u00eempu\u0219c\u0103turi<\/a>\n<\/h3>\n\t\t\t<div class=\"post-hover-content\">\n\t\t\t\t<div class=\"entry-content\">\n\t<p>Grursus mal suada faci lisis Lorem ipsum dolarorit more a ametion consectetur elit. Vesti at bulum nec odio aea the dumm ipsumm ipsum at that dolocons rsus mal suada...<\/p>\n<\/div>\n\t\t\t<\/div>\n\t\t<\/div>\n\t\t\t\t\t<a href=\"https:\/\/proposeintransylvania.com\/ro\/music-can-help-us-to-look-ideas-for-new-shootings\/\"><div class=\"blog-bg-image-metro\" style=\"background:url(https:\/\/proposeintransylvania.com\/wp-content\/uploads\/2020\/10\/bl8.jpg) #f7f7f7;\"><\/div><\/a>\n\t\t\t<\/div>\n<\/article>\n<\/div><div class=\"grid-item metro-item3 tb-metro-item3     photography\"><article id=\"post-56\" class=\"post-56 post type-post status-publish format-standard has-post-thumbnail hentry category-photography tag-family tag-girl tag-leader tag-photography have-post-thumb\">\n\t<div class=\"blog-list-content\">\n\t\t\t\t<div class=\"post-content-bottom\">\n\t\t\t\t\t\t\t<div class=\"post-meta-info style-1\"><span class=\"meta-date\"><a href=\"https:\/\/proposeintransylvania.com\/ro\/blue-tones-is-very-interesting-on-your-mobile-photos\/\"><span class=\"entry-date\">ianuarie 13, 2022<\/span><\/a><\/span>\n<span> |<\/span>\t<span class=\"post-author\">Prin <a href=\"https:\/\/proposeintransylvania.com\/ro\/author\/prps_2026\/\" rel=\"author\" class=\"fn\">Propune \u00een Transilvania<\/a> <\/span>\n\t<\/div>\t\t\t\t\t\t<h3 class=\"post-title\">\n\t<a href=\"https:\/\/proposeintransylvania.com\/ro\/blue-tones-is-very-interesting-on-your-mobile-photos\/\" class=\"normal\">Tonurile albastre sunt foarte interesante pe fotografiile dvs. mobile<\/a>\n<\/h3>\n\t\t\t<div class=\"post-hover-content\">\n\t\t\t\t<div class=\"entry-content\">\n\t<p>Grursus mal suada faci lisis Lorem ipsum dolarorit more a ametion consectetur elit. Vesti at bulum nec odio aea the dumm ipsumm ipsum at that dolocons rsus mal suada...<\/p>\n<\/div>\n\t\t\t<\/div>\n\t\t<\/div>\n\t\t\t\t\t<a href=\"https:\/\/proposeintransylvania.com\/ro\/blue-tones-is-very-interesting-on-your-mobile-photos\/\"><div class=\"blog-bg-image-metro\" style=\"background:url(https:\/\/proposeintransylvania.com\/wp-content\/uploads\/2020\/10\/bl6.jpg) #f7f7f7;\"><\/div><\/a>\n\t\t\t<\/div>\n<\/article>\n<\/div><div class=\"grid-item metro-item4 tb-metro-item4     photography\"><article id=\"post-59\" class=\"post-59 post type-post status-publish format-standard has-post-thumbnail hentry category-photography tag-family tag-girl tag-leader tag-photography have-post-thumb\">\n\t<div class=\"blog-list-content\">\n\t\t\t\t<div class=\"post-content-bottom\">\n\t\t\t\t\t\t\t<div class=\"post-meta-info style-1\"><span class=\"meta-date\"><a href=\"https:\/\/proposeintransylvania.com\/ro\/why-choise-to-be-photograper-is-better-in-your-phpto\/\"><span class=\"entry-date\">ianuarie 13, 2022<\/span><\/a><\/span>\n<span> |<\/span>\t<span class=\"post-author\">Prin <a href=\"https:\/\/proposeintransylvania.com\/ro\/author\/prps_2026\/\" rel=\"author\" class=\"fn\">Propune \u00een Transilvania<\/a> <\/span>\n\t<\/div>\t\t\t\t\t\t<h3 class=\"post-title\">\n\t<a href=\"https:\/\/proposeintransylvania.com\/ro\/why-choise-to-be-photograper-is-better-in-your-phpto\/\" class=\"normal\">De ce alegerea de a fi fotograf este mai bun\u0103 \u00een fotografia dvs.<\/a>\n<\/h3>\n\t\t\t<div class=\"post-hover-content\">\n\t\t\t\t<div class=\"entry-content\">\n\t<p>Grursus mal suada faci lisis Lorem ipsum dolarorit more a ametion consectetur elit. Vesti at bulum nec odio aea the dumm ipsumm ipsum at that dolocons rsus mal suada...<\/p>\n<\/div>\n\t\t\t<\/div>\n\t\t<\/div>\n\t\t\t\t\t<a href=\"https:\/\/proposeintransylvania.com\/ro\/why-choise-to-be-photograper-is-better-in-your-phpto\/\"><div class=\"blog-bg-image-metro\" style=\"background:url(https:\/\/proposeintransylvania.com\/wp-content\/uploads\/2020\/10\/bl3.jpg) #f7f7f7;\"><\/div><\/a>\n\t\t\t<\/div>\n<\/article>\n<\/div><div class=\"grid-item metro-item5 tb-metro-item5     photographer\"><article id=\"post-63\" class=\"post-63 post type-post status-publish format-standard has-post-thumbnail hentry category-photographer tag-family tag-girl tag-leader tag-photography have-post-thumb\">\n\t<div class=\"blog-list-content\">\n\t\t\t\t<div class=\"post-content-bottom\">\n\t\t\t\t\t\t\t<div class=\"post-meta-info style-1\"><span class=\"meta-date\"><a href=\"https:\/\/proposeintransylvania.com\/ro\/how-to-create-good-photo-on-at-phone-when-bad-weather\/\"><span class=\"entry-date\">ianuarie 13, 2022<\/span><\/a><\/span>\n<span> |<\/span>\t<span class=\"post-author\">Prin <a href=\"https:\/\/proposeintransylvania.com\/ro\/author\/prps_2026\/\" rel=\"author\" class=\"fn\">Propune \u00een Transilvania<\/a> <\/span>\n\t<\/div>\t\t\t\t\t\t<h3 class=\"post-title\">\n\t<a href=\"https:\/\/proposeintransylvania.com\/ro\/how-to-create-good-photo-on-at-phone-when-bad-weather\/\" class=\"normal\">Cum s\u0103 crea\u021bi o fotografie bun\u0103 pe telefon atunci c\u00e2nd vremea este rea<\/a>\n<\/h3>\n\t\t\t<div class=\"post-hover-content\">\n\t\t\t\t<div class=\"entry-content\">\n\t<p>Grursus mal suada faci lisis Lorem ipsum dolarorit more a ametion consectetur elit. Vesti at bulum nec odio aea the dumm ipsumm ipsum at that dolocons rsus mal suada...<\/p>\n<\/div>\n\t\t\t<\/div>\n\t\t<\/div>\n\t\t\t\t\t<a href=\"https:\/\/proposeintransylvania.com\/ro\/how-to-create-good-photo-on-at-phone-when-bad-weather\/\"><div class=\"blog-bg-image-metro\" style=\"background:url(https:\/\/proposeintransylvania.com\/wp-content\/uploads\/2020\/10\/bl13.jpg) #f7f7f7;\"><\/div><\/a>\n\t\t\t<\/div>\n<\/article>\n<\/div><div class=\"grid-item metro-item6 tb-metro-item6     inspiration\"><article id=\"post-66\" class=\"post-66 post type-post status-publish format-standard has-post-thumbnail hentry category-inspiration tag-business tag-girl tag-photography tag-weeding have-post-thumb\">\n\t<div class=\"blog-list-content\">\n\t\t\t\t<div class=\"post-content-bottom\">\n\t\t\t\t\t\t\t<div class=\"post-meta-info style-1\"><span class=\"meta-date\"><a href=\"https:\/\/proposeintransylvania.com\/ro\/your-choise-to-be-photographer-is-better-in-your-life\/\"><span class=\"entry-date\">ianuarie 13, 2022<\/span><\/a><\/span>\n<span> |<\/span>\t<span class=\"post-author\">Prin <a href=\"https:\/\/proposeintransylvania.com\/ro\/author\/prps_2026\/\" rel=\"author\" class=\"fn\">Propune \u00een Transilvania<\/a> <\/span>\n\t<\/div>\t\t\t\t\t\t<h3 class=\"post-title\">\n\t<a href=\"https:\/\/proposeintransylvania.com\/ro\/your-choise-to-be-photographer-is-better-in-your-life\/\" class=\"normal\">Alegerea ta de a fi fotograf este mai bun\u0103 \u00een via\u021ba ta<\/a>\n<\/h3>\n\t\t\t<div class=\"post-hover-content\">\n\t\t\t\t<div class=\"entry-content\">\n\t<p>Grursus mal suada faci lisis Lorem ipsum dolarorit more a ametion consectetur elit. Vesti at bulum nec odio aea the dumm ipsumm ipsum at that dolocons rsus mal suada...<\/p>\n<\/div>\n\t\t\t<\/div>\n\t\t<\/div>\n\t\t\t\t\t<a href=\"https:\/\/proposeintransylvania.com\/ro\/your-choise-to-be-photographer-is-better-in-your-life\/\"><div class=\"blog-bg-image-metro\" style=\"background:url(https:\/\/proposeintransylvania.com\/wp-content\/uploads\/2020\/10\/bl12.jpg) #f7f7f7;\"><\/div><\/a>\n\t\t\t<\/div>\n<\/article>\n<\/div><div class=\"grid-item metro-item7 tb-metro-item7     photographer\"><article id=\"post-70\" class=\"post-70 post type-post status-publish format-standard has-post-thumbnail hentry category-photographer tag-business tag-camera tag-girl tag-wordpress have-post-thumb\">\n\t<div class=\"blog-list-content\">\n\t\t\t\t<div class=\"post-content-bottom\">\n\t\t\t\t\t\t\t<div class=\"post-meta-info style-1\"><span class=\"meta-date\"><a href=\"https:\/\/proposeintransylvania.com\/ro\/what-your-friends-think-about-is-photographers\/\"><span class=\"entry-date\">ianuarie 13, 2022<\/span><\/a><\/span>\n<span> |<\/span>\t<span class=\"post-author\">Prin <a href=\"https:\/\/proposeintransylvania.com\/ro\/author\/prps_2026\/\" rel=\"author\" class=\"fn\">Propune \u00een Transilvania<\/a> <\/span>\n\t<\/div>\t\t\t\t\t\t<h3 class=\"post-title\">\n\t<a href=\"https:\/\/proposeintransylvania.com\/ro\/what-your-friends-think-about-is-photographers\/\" class=\"normal\">Ce cred prietenii t\u0103i despre fotografi?<\/a>\n<\/h3>\n\t\t\t<div class=\"post-hover-content\">\n\t\t\t\t<div class=\"entry-content\">\n\t<p>Grursus mal suada faci lisis Lorem ipsum dolarorit more a ametion consectetur elit. Vesti at bulum nec odio aea the dumm ipsumm ipsum at that dolocons rsus mal suada...<\/p>\n<\/div>\n\t\t\t<\/div>\n\t\t<\/div>\n\t\t\t\t\t<a href=\"https:\/\/proposeintransylvania.com\/ro\/what-your-friends-think-about-is-photographers\/\"><div class=\"blog-bg-image-metro\" style=\"background:url(https:\/\/proposeintransylvania.com\/wp-content\/uploads\/2020\/10\/bl2.jpg) #f7f7f7;\"><\/div><\/a>\n\t\t\t<\/div>\n<\/article>\n<\/div><div class=\"grid-item metro-item8 tb-metro-item8     inspiration\"><article id=\"post-72\" class=\"post-72 post type-post status-publish format-standard has-post-thumbnail hentry category-inspiration tag-business tag-camera tag-girl tag-wordpress have-post-thumb\">\n\t<div class=\"blog-list-content\">\n\t\t\t\t<div class=\"post-content-bottom\">\n\t\t\t\t\t\t\t<div class=\"post-meta-info style-1\"><span class=\"meta-date\"><a href=\"https:\/\/proposeintransylvania.com\/ro\/a-comprehensive-guide-to-local-our-seo-in-2019\/\"><span class=\"entry-date\">ianuarie 13, 2022<\/span><\/a><\/span>\n<span> |<\/span>\t<span class=\"post-author\">Prin <a href=\"https:\/\/proposeintransylvania.com\/ro\/author\/prps_2026\/\" rel=\"author\" class=\"fn\">Propune \u00een Transilvania<\/a> <\/span>\n\t<\/div>\t\t\t\t\t\t<h3 class=\"post-title\">\n\t<a href=\"https:\/\/proposeintransylvania.com\/ro\/a-comprehensive-guide-to-local-our-seo-in-2019\/\" class=\"normal\">Un ghid cuprinz\u0103tor pentru SEO-ul nostru local \u00een 2022<\/a>\n<\/h3>\n\t\t\t<div class=\"post-hover-content\">\n\t\t\t\t<div class=\"entry-content\">\n\t<p>Grursus mal suada faci lisis Lorem ipsum dolarorit more a ametion consectetur elit. Vesti at bulum nec odio aea the dumm ipsumm ipsum at that dolocons rsus mal suada...<\/p>\n<\/div>\n\t\t\t<\/div>\n\t\t<\/div>\n\t\t\t\t\t<a href=\"https:\/\/proposeintransylvania.com\/ro\/a-comprehensive-guide-to-local-our-seo-in-2019\/\"><div class=\"blog-bg-image-metro\" style=\"background:url(https:\/\/proposeintransylvania.com\/wp-content\/uploads\/2020\/10\/bl10.jpg) #f7f7f7;\"><\/div><\/a>\n\t\t\t<\/div>\n<\/article>\n<\/div><\/div><div class=\"theplus-pagination\"><span class=\"current\">1<\/span><a href='https:\/\/proposeintransylvania.com\/ro\/wp-json\/wp\/v2\/pages\/3759\/page\/2\/' class=\"inactive\">2<\/a><a class='paginate-next' href='https:\/\/proposeintransylvania.com\/ro\/wp-json\/wp\/v2\/pages\/3759\/page\/2\/'>Urm\u0103torul<i class='fas fa-long-arrow-alt-right' aria-hidden='true'><\/i><\/a><\/div>\n<\/div>\t\t\t\t<\/div>\n\t\t\t\t\t<\/div>\n\t\t\t\t<\/div>\n\t\t\t\t<\/div>","protected":false},"excerpt":{"rendered":"<p>PROPOSAL JOURNAL INSIGHTS &#038; INSPIRATION Crafting the unforgettable A curated collection of expert advice, aesthetic inspiration, and behind-the-scenes stories. We share our philosophy on romance and planning to help you navigate the journey toward your most significant moment All8 Inspiration Photographer Photography Uncategorized January 13, 2022 | By Propose in Transylvania Your choise to be&#8230;<\/p>","protected":false},"author":1,"featured_media":0,"parent":0,"menu_order":0,"comment_status":"closed","ping_status":"closed","template":"elementor_header_footer","meta":{"_vp_format_video_url":"","_vp_image_focal_point":[],"footnotes":""},"class_list":["post-3759","page","type-page","status-publish","hentry","have-post-thumb"],"_links":{"self":[{"href":"https:\/\/proposeintransylvania.com\/ro\/wp-json\/wp\/v2\/pages\/3759","targetHints":{"allow":["GET"]}}],"collection":[{"href":"https:\/\/proposeintransylvania.com\/ro\/wp-json\/wp\/v2\/pages"}],"about":[{"href":"https:\/\/proposeintransylvania.com\/ro\/wp-json\/wp\/v2\/types\/page"}],"author":[{"embeddable":true,"href":"https:\/\/proposeintransylvania.com\/ro\/wp-json\/wp\/v2\/users\/1"}],"replies":[{"embeddable":true,"href":"https:\/\/proposeintransylvania.com\/ro\/wp-json\/wp\/v2\/comments?post=3759"}],"version-history":[{"count":0,"href":"https:\/\/proposeintransylvania.com\/ro\/wp-json\/wp\/v2\/pages\/3759\/revisions"}],"wp:attachment":[{"href":"https:\/\/proposeintransylvania.com\/ro\/wp-json\/wp\/v2\/media?parent=3759"}],"curies":[{"name":"wp","href":"https:\/\/api.w.org\/{rel}","templated":true}]}}